{"id":89,"date":"2020-06-26T14:03:28","date_gmt":"2020-06-26T14:03:28","guid":{"rendered":"https:\/\/mon-od.com\/?page_id=89"},"modified":"2025-12-08T10:42:17","modified_gmt":"2025-12-08T10:42:17","slug":"education","status":"publish","type":"page","link":"https:\/\/mon-od.com\/de\/education\/","title":{"rendered":"Bildung"},"content":{"rendered":"\n<div class=\"wp-block-media-text alignwide is-vertically-aligned-top is-stacked-on-mobile\"><figure class=\"wp-block-media-text__media\"><img loading=\"lazy\" decoding=\"async\" width=\"1948\" height=\"2560\" src=\"https:\/\/mon-od.com\/wp-content\/uploads\/2020\/07\/60x160_02-klein-scaled.jpg\" alt=\"\" class=\"wp-image-175 size-full\" srcset=\"https:\/\/mon-od.com\/wp-content\/uploads\/2020\/07\/60x160_02-klein-scaled.jpg 1948w, https:\/\/mon-od.com\/wp-content\/uploads\/2020\/07\/60x160_02-klein-228x300.jpg 228w, https:\/\/mon-od.com\/wp-content\/uploads\/2020\/07\/60x160_02-klein-1559x2048.jpg 1559w\" sizes=\"auto, (max-width: 706px) 89vw, (max-width: 767px) 82vw, 740px\" \/><\/figure><div class=\"wp-block-media-text__content\">\n<p style=\"text-align:justify;\">\u201eMon Od\u201c  hat das Buch \u201eEine kleine Einf\u00fchrung in die Astronomie\u201c \u00fcbersetzt und ver\u00f6ffentlicht, um Astronomie-Interessierten und Laien in der Mongolei einen leicht verst\u00e4ndlichen und aktuellen Einblick in die Entwicklung der Astronomie von der Antike bis zur Gegenwart zu geben. Es bildet mit den \u00fcbersichtlichen Daten und Tabellen zu Planeten und Sternen auch den aktuellen Stand der Wissenschaft ab. Der Autor, Dr. Felix L\u00fchning, ist Direktor der ehrw\u00fcrdigen Archenhold-Sternwarte in Berlin. Die fachkundige \u00dcbersetzerin hat den Text mit Genehmigung des Autors zus\u00e4tzlich mit altert\u00fcmlichen mongolischen Namen von Sternen und Sternbildern erg\u00e4nzt und leistet so einen Beitrag zur Erhaltung der mongolischen Kultur. Bereits der Bucheinband zeigt die einzig erhaltene historische mongolische Sternkarte.<\/p>\n\n\n\n<figure class=\"wp-block-image size-large\"><img loading=\"lazy\" decoding=\"async\" width=\"667\" height=\"884\" src=\"https:\/\/mon-od.com\/wp-content\/uploads\/2020\/07\/Content.jpg\" alt=\"\" class=\"wp-image-257\" srcset=\"https:\/\/mon-od.com\/wp-content\/uploads\/2020\/07\/Content.jpg 667w, https:\/\/mon-od.com\/wp-content\/uploads\/2020\/07\/Content-226x300.jpg 226w\" sizes=\"auto, (max-width: 667px) 100vw, 667px\" \/><\/figure>\n\n\n\n<p>Das Buch ist erh\u00e4ltlich in folgenden Buchhandlungen:<br><strong>Az-Khur, Internom und Majestic.<\/strong><\/p>\n<\/div><\/div>\n\n\n\n<figure class=\"wp-block-gallery has-nested-images columns-default is-cropped wp-block-gallery-1 is-layout-flex wp-block-gallery-is-layout-flex\">\n<figure class=\"wp-block-image size-large\"><img loading=\"lazy\" decoding=\"async\" width=\"1024\" height=\"681\" data-id=\"467\" src=\"https:\/\/mon-od.com\/wp-content\/uploads\/2025\/12\/cover-serengy-ara-1-1024x681.jpg\" alt=\"\" class=\"wp-image-467\" srcset=\"https:\/\/mon-od.com\/wp-content\/uploads\/2025\/12\/cover-serengy-ara-1-1024x681.jpg 1024w, https:\/\/mon-od.com\/wp-content\/uploads\/2025\/12\/cover-serengy-ara-1-300x199.jpg 300w, https:\/\/mon-od.com\/wp-content\/uploads\/2025\/12\/cover-serengy-ara-1-768x511.jpg 768w, https:\/\/mon-od.com\/wp-content\/uploads\/2025\/12\/cover-serengy-ara-1-1536x1021.jpg 1536w, https:\/\/mon-od.com\/wp-content\/uploads\/2025\/12\/cover-serengy-ara-1-2048x1361.jpg 2048w\" sizes=\"auto, (max-width: 706px) 89vw, (max-width: 767px) 82vw, 740px\" \/><\/figure>\n<\/figure>\n\n\n\n<figure class=\"wp-block-gallery has-nested-images columns-default is-cropped wp-block-gallery-2 is-layout-flex wp-block-gallery-is-layout-flex\">\n<figure class=\"wp-block-image size-large\"><img loading=\"lazy\" decoding=\"async\" width=\"713\" height=\"1024\" data-id=\"468\" src=\"https:\/\/mon-od.com\/wp-content\/uploads\/2025\/12\/Buch_Cover_Bild-4-713x1024.jpg\" alt=\"\" class=\"wp-image-468\" srcset=\"https:\/\/mon-od.com\/wp-content\/uploads\/2025\/12\/Buch_Cover_Bild-4-713x1024.jpg 713w, https:\/\/mon-od.com\/wp-content\/uploads\/2025\/12\/Buch_Cover_Bild-4-209x300.jpg 209w, https:\/\/mon-od.com\/wp-content\/uploads\/2025\/12\/Buch_Cover_Bild-4.jpg 720w\" sizes=\"auto, (max-width: 713px) 100vw, 713px\" \/><\/figure>\n\n\n\n<figure class=\"wp-block-image size-large\"><img loading=\"lazy\" decoding=\"async\" width=\"248\" height=\"400\" data-id=\"470\" src=\"https:\/\/mon-od.com\/wp-content\/uploads\/2025\/12\/Coverbild-2.jpg\" alt=\"\" class=\"wp-image-470\" srcset=\"https:\/\/mon-od.com\/wp-content\/uploads\/2025\/12\/Coverbild-2.jpg 248w, https:\/\/mon-od.com\/wp-content\/uploads\/2025\/12\/Coverbild-2-186x300.jpg 186w\" sizes=\"auto, (max-width: 248px) 100vw, 248px\" \/><\/figure>\n\n\n\n<figure class=\"wp-block-image size-large\"><img loading=\"lazy\" decoding=\"async\" width=\"361\" height=\"523\" data-id=\"469\" src=\"https:\/\/mon-od.com\/wp-content\/uploads\/2025\/12\/Milchberg-2-2.jpg\" alt=\"\" class=\"wp-image-469\" srcset=\"https:\/\/mon-od.com\/wp-content\/uploads\/2025\/12\/Milchberg-2-2.jpg 361w, https:\/\/mon-od.com\/wp-content\/uploads\/2025\/12\/Milchberg-2-2-207x300.jpg 207w\" sizes=\"auto, (max-width: 361px) 100vw, 361px\" \/><\/figure>\n<\/figure>\n","protected":false},"excerpt":{"rendered":"","protected":false},"author":1,"featured_media":0,"parent":0,"menu_order":0,"comment_status":"closed","ping_status":"closed","template":"","meta":{"footnotes":""},"class_list":["post-89","page","type-page","status-publish","hentry"],"translation":{"provider":"WPGlobus","version":"3.0.2","language":"de","enabled_languages":["mn","en","de"],"languages":{"mn":{"title":true,"content":true,"excerpt":false},"en":{"title":true,"content":true,"excerpt":false},"de":{"title":true,"content":true,"excerpt":false}}},"_links":{"self":[{"href":"https:\/\/mon-od.com\/de\/wp-json\/wp\/v2\/pages\/89","targetHints":{"allow":["GET"]}}],"collection":[{"href":"https:\/\/mon-od.com\/de\/wp-json\/wp\/v2\/pages"}],"about":[{"href":"https:\/\/mon-od.com\/de\/wp-json\/wp\/v2\/types\/page"}],"author":[{"embeddable":true,"href":"https:\/\/mon-od.com\/de\/wp-json\/wp\/v2\/users\/1"}],"replies":[{"embeddable":true,"href":"https:\/\/mon-od.com\/de\/wp-json\/wp\/v2\/comments?post=89"}],"version-history":[{"count":86,"href":"https:\/\/mon-od.com\/de\/wp-json\/wp\/v2\/pages\/89\/revisions"}],"predecessor-version":[{"id":483,"href":"https:\/\/mon-od.com\/de\/wp-json\/wp\/v2\/pages\/89\/revisions\/483"}],"wp:attachment":[{"href":"https:\/\/mon-od.com\/de\/wp-json\/wp\/v2\/media?parent=89"}],"curies":[{"name":"wp","href":"https:\/\/api.w.org\/{rel}","templated":true}]}}